{"id":798,"date":"2020-06-09T12:05:17","date_gmt":"2020-06-09T12:05:17","guid":{"rendered":"http:\/\/agence-evenements.fr\/?page_id=798"},"modified":"2023-12-24T12:13:55","modified_gmt":"2023-12-24T12:13:55","slug":"actualites","status":"publish","type":"page","link":"https:\/\/pascaleconettaevents.com\/?page_id=798","title":{"rendered":"ACTUALITES"},"content":{"rendered":"<p>&nbsp;<\/p>\n<p><a href=\"http:\/\/agence-evenements.fr\/?attachment_id=829\" rel=\"attachment wp-att-829\"><img loading=\"lazy\" decoding=\"async\" class=\"wp-image-829 aligncenter\" src=\"http:\/\/agence-evenements.fr\/wp-content\/uploads\/le-secret-des-templiers-1-258x300.png\" alt=\"\" width=\"456\" height=\"530\" srcset=\"https:\/\/pascaleconettaevents.com\/wp-content\/uploads\/le-secret-des-templiers-1-258x300.png 258w, https:\/\/pascaleconettaevents.com\/wp-content\/uploads\/le-secret-des-templiers-1-882x1024.png 882w, https:\/\/pascaleconettaevents.com\/wp-content\/uploads\/le-secret-des-templiers-1-129x150.png 129w, https:\/\/pascaleconettaevents.com\/wp-content\/uploads\/le-secret-des-templiers-1-768x891.png 768w, https:\/\/pascaleconettaevents.com\/wp-content\/uploads\/le-secret-des-templiers-1.png 1040w\" sizes=\"auto, (max-width: 456px) 100vw, 456px\" \/><\/a><\/p>\n<p>Venez d\u00e9co<span style=\"font-size: inherit;\">uv<\/span><span style=\"font-size: inherit;\">rir le nouvel Escape Game&nbsp;<\/span>\u00ab grandeur nature \u00bb dans un v\u00e9ritable ch\u00e2teau du moyen \u00e2ge&#8230;<\/p>\n<p>Le jeu se d\u00e9roule dans l&rsquo;enceinte du ch\u00e2teau et vous permet de d\u00e9couvrir sous un autre angle cet ouvrage extraordinaire.<\/p>\n<p>15 \u00e9nigmes sont \u00e0 r\u00e9soudre sur une dur\u00e9e de deux heures maximum.<\/p>\n<p>8 \u00e9preuves en ext\u00e9rieures, toutes les autres peuvent se faire dans les espaces int\u00e9rieurs.<\/p>\n<p>Les \u00e9quipes s&rsquo;affrontent sous l&rsquo;arbitrage d&rsquo;un ma\u00eetre du jeu.<\/p>\n<p>La meilleure, qui n&rsquo;est pas forc\u00e9ment la plus rapide, peut r\u00e9soudre la derni\u00e8re \u00e9nigme sous les yeux de tous et acc\u00e9der ainsi au tr\u00e9sor, mais tous seront r\u00e9compens\u00e9s.<\/p>\n<p style=\"text-align: center;\">Plus de renseignements sur le site ci dessous<\/p>\n<p style=\"text-align: center;\"><a href=\"http:\/\/www.lesecretdestempliers.fr\/?fbclid=IwAR1L6ol0_lmqp9DBA5T1c80aDT9dP9ow_HvELYX1UlpEvpjN642ozFEVzAU\" target=\"_blank\" rel=\"noopener nofollow noreferrer\" data-ft=\"{&quot;tn&quot;:&quot;-U&quot;}\" data-lynx-mode=\"origin\" data-lynx-uri=\"https:\/\/l.facebook.com\/l.php?u=http%3A%2F%2Fwww.lesecretdestempliers.fr%2F%3Ffbclid%3DIwAR1L6ol0_lmqp9DBA5T1c80aDT9dP9ow_HvELYX1UlpEvpjN642ozFEVzAU&amp;h=AT2HE8Hz0RRDIH7U_fMtuMsN_zyw63TFmFiT6KV6oPz6uk63vhcB_okcJj_oZTiGZ_odY-_uwyVJgYhYhX0Mz-3jie3xF4hFHc4eO9wruVfH0R_ftG0jLjegyqLVNyggUfIE4lbYjTMJX8zazoX6LAAM9DIDfTC-HZfvZ-Yh9ZOBrm6eBNQI1Nb1pixMhXvAvjKpSZJdU77v7nUztWEDFNfgJLgO-dgPGFA-mdVcfNOo1hAcETRBK7rWjWFZEWV9U0j-v2lfwBggvrcbMtetrtzXm6A-72tp0S_t3PB-zg3nDomnaKlcLDF846zMjig6lR9bEs_11E0vSSsMxP_g4aYtnlF3FQCDGFoQdeOA0Mbg-RaGEishv0Qm14udL4kilxVdf5jEriErABYA5FeZRyoIO-E9rWPVQTUKfaLOhr0zGdFGOgjt512pUrHOJSyXWp3OZWCbjdGmU1a5_CTifQHaHGM9xWiGK059JT5zj03rHp2S11_znV4yy4Xv6lIAF9wFDDyYv48YwQnfjRyu3F59mwMoRwpxtpru8DdNyeMrJtROLaA8s63LBz-XZsxIdDsG-mbaHOoB24wiTkHafTnMyHKG7WEkkX7xVGX8tdtkSzSua0mRGIH4K869QxF9TMDF92ra9m_eTyhk4Q\">www.lesecretdestempliers.fr<\/a><\/p>\n<p><img loading=\"lazy\" decoding=\"async\" class=\"wp-image-828 aligncenter\" src=\"http:\/\/agence-evenements.fr\/wp-content\/uploads\/la-dma-ebleue-212x300.jpg\" alt=\"\" width=\"441\" height=\"624\" srcset=\"https:\/\/pascaleconettaevents.com\/wp-content\/uploads\/la-dma-ebleue-212x300.jpg 212w, https:\/\/pascaleconettaevents.com\/wp-content\/uploads\/la-dma-ebleue-106x150.jpg 106w, https:\/\/pascaleconettaevents.com\/wp-content\/uploads\/la-dma-ebleue.jpg 722w\" sizes=\"auto, (max-width: 441px) 100vw, 441px\" \/><\/p>\n<div id=\"block-37\" class=\"widget widget_block\">\n<p>Une l\u00e9gende Celte raconte que deux fois par an<\/p>\n<p>les fant\u00f4mes rendent visite aux vivants&#8230;.<\/p>\n<p>La Dame Bleue, gardienne d&rsquo;une source d&rsquo;une rare puret\u00e9,<\/p>\n<p>doit confier aux druides l&rsquo;\u00e9lixir qui va prot\u00e9ger la population.<\/p>\n<p>Mais ce soir, un vol a \u00e9t\u00e9 commis&#8230;<\/p>\n<p>La fiole a disparue !<\/p>\n<p>Consultez les personnages ci dessous<\/p>\n<p>pour mener votre enqu\u00eate et tentez de r\u00e9soudre les \u00e9nigmes&#8230;<\/p>\n<p style=\"text-align: center;\">Plus de renseignements sur le site ci dessous<\/p>\n<p style=\"text-align: center;\"><a href=\"http:\/\/ladamebleue.org\/\">http:\/\/ladamebleue.org\/<\/a><\/p>\n<\/div>\n<p style=\"text-align: center;\"><a href=\"http:\/\/agence-evenements.fr\/?page_id=31\" target=\"_blank\" rel=\"noopener noreferrer\"><img loading=\"lazy\" decoding=\"async\" class=\"wp-image-741 alignnone\" src=\"http:\/\/agence-evenements.fr\/wp-content\/uploads\/LOGO-PASCALE-CONETTA-208x300.jpg\" alt=\"\" width=\"85\" height=\"123\" srcset=\"https:\/\/pascaleconettaevents.com\/wp-content\/uploads\/LOGO-PASCALE-CONETTA-208x300.jpg 208w, https:\/\/pascaleconettaevents.com\/wp-content\/uploads\/LOGO-PASCALE-CONETTA-711x1024.jpg 711w, https:\/\/pascaleconettaevents.com\/wp-content\/uploads\/LOGO-PASCALE-CONETTA-104x150.jpg 104w, https:\/\/pascaleconettaevents.com\/wp-content\/uploads\/LOGO-PASCALE-CONETTA-768x1106.jpg 768w, https:\/\/pascaleconettaevents.com\/wp-content\/uploads\/LOGO-PASCALE-CONETTA-1067x1536.jpg 1067w, https:\/\/pascaleconettaevents.com\/wp-content\/uploads\/LOGO-PASCALE-CONETTA.jpg 1181w\" sizes=\"auto, (max-width: 85px) 100vw, 85px\" \/>Demande de renseignements<\/a><\/p>\n<p>&nbsp;<\/p>\n<p>&nbsp;<\/p>\n","protected":false},"excerpt":{"rendered":"<p>&nbsp; Venez d\u00e9couvrir le nouvel Escape Game&nbsp;\u00ab grandeur nature \u00bb dans un v\u00e9ritable ch\u00e2teau du moyen \u00e2ge&#8230; Le jeu se d\u00e9roule dans l&rsquo;enceinte du ch\u00e2teau et vous permet de d\u00e9couvrir sous un autre angle cet ouvrage extraordinaire. 15 \u00e9nigmes sont \u00e0 r\u00e9soudre sur une dur\u00e9e &hellip; <a href=\"https:\/\/pascaleconettaevents.com\/?page_id=798\" class=\"more-link\"><span>Continue reading<span class=\"screen-reader-text\">ACTUALITES<\/span><\/span><\/a><\/p>\n","protected":false},"author":1,"featured_media":0,"parent":0,"menu_order":0,"comment_status":"closed","ping_status":"closed","template":"","meta":{"ngg_post_thumbnail":0,"footnotes":""},"class_list":["post-798","page","type-page","status-publish","hentry"],"_links":{"self":[{"href":"https:\/\/pascaleconettaevents.com\/index.php?rest_route=\/wp\/v2\/pages\/798","targetHints":{"allow":["GET"]}}],"collection":[{"href":"https:\/\/pascaleconettaevents.com\/index.php?rest_route=\/wp\/v2\/pages"}],"about":[{"href":"https:\/\/pascaleconettaevents.com\/index.php?rest_route=\/wp\/v2\/types\/page"}],"author":[{"embeddable":true,"href":"https:\/\/pascaleconettaevents.com\/index.php?rest_route=\/wp\/v2\/users\/1"}],"replies":[{"embeddable":true,"href":"https:\/\/pascaleconettaevents.com\/index.php?rest_route=%2Fwp%2Fv2%2Fcomments&post=798"}],"version-history":[{"count":9,"href":"https:\/\/pascaleconettaevents.com\/index.php?rest_route=\/wp\/v2\/pages\/798\/revisions"}],"predecessor-version":[{"id":835,"href":"https:\/\/pascaleconettaevents.com\/index.php?rest_route=\/wp\/v2\/pages\/798\/revisions\/835"}],"wp:attachment":[{"href":"https:\/\/pascaleconettaevents.com\/index.php?rest_route=%2Fwp%2Fv2%2Fmedia&parent=798"}],"curies":[{"name":"wp","href":"https:\/\/api.w.org\/{rel}","templated":true}]}}