{"id":68,"date":"2019-03-11T17:04:56","date_gmt":"2019-03-11T17:04:56","guid":{"rendered":"http:\/\/agence-evenements.fr\/?page_id=68"},"modified":"2020-02-28T18:33:23","modified_gmt":"2020-02-28T18:33:23","slug":"les-artistes","status":"publish","type":"page","link":"https:\/\/pascaleconettaevents.com\/?page_id=68","title":{"rendered":"LES ARTISTES"},"content":{"rendered":"\r\n<p class=\"first\">Vous \u00eates \u00e0 la recherche d&rsquo;Artistes qui apporteront une touche &nbsp;essentielle \u00e0 un \u00e9v\u00e9nement qui restera grav\u00e9 dans les m\u00e9moires ?<\/p>\r\n<p class=\"first\">D\u00e9couvrez les multiples talents que je vous r\u00e9serve !<\/p>\r\n<p class=\"second\">Artistes de cirque, musiciens \u00e0 th\u00e8mes, chanteurs, t\u00eates d&rsquo;affiche, humoristes, magiciens, caricaturistes, ventriloques, animateurs, DJs&#8230;. mais \u00e9galement des artistes atypiques et originaux&#8230; Tous nos artistes sont des professionnels de qualit\u00e9 et passionn\u00e9s, qui cultivent avant tout le go\u00fbt du contact humain et de la cr\u00e9ation.<\/p>\r\n<p class=\"second\">Je d\u00e9veloppe chaque jour mon r\u00e9seau d&rsquo;artistes &nbsp;pour vous offrir proposer des spectacles toujours plus vari\u00e9s et innovants.<\/p>\r\n<p>&nbsp;<\/p>\r\n<p><img loading=\"lazy\" decoding=\"async\" class=\"alignnone  wp-image-686\" src=\"http:\/\/agence-evenements.fr\/wp-content\/uploads\/ARTISTE-300x178.jpg\" alt=\"\" width=\"750\" height=\"445\" srcset=\"https:\/\/pascaleconettaevents.com\/wp-content\/uploads\/ARTISTE-300x178.jpg 300w, https:\/\/pascaleconettaevents.com\/wp-content\/uploads\/ARTISTE-1024x609.jpg 1024w, https:\/\/pascaleconettaevents.com\/wp-content\/uploads\/ARTISTE-150x89.jpg 150w, https:\/\/pascaleconettaevents.com\/wp-content\/uploads\/ARTISTE-768x457.jpg 768w, https:\/\/pascaleconettaevents.com\/wp-content\/uploads\/ARTISTE-1536x914.jpg 1536w, https:\/\/pascaleconettaevents.com\/wp-content\/uploads\/ARTISTE.jpg 2034w\" sizes=\"auto, (max-width: 750px) 100vw, 750px\" \/><\/p>\r\n<!-- default-view.php -->\n<div\n\tclass=\"ngg-galleryoverview default-view \"\n\tid=\"ngg-gallery-5dc534f2076ac7ad5bb12217871adebf-1\">\n\n\t\t<!-- Thumbnails -->\n\t\t\t\t<div id=\"ngg-image-0\" class=\"ngg-gallery-thumbnail-box \" >\n\t\t\t\t        <div class=\"ngg-gallery-thumbnail\">\n            <a href=\"https:\/\/pascaleconettaevents.com\/wp-content\/gallery\/artistes\/assiettes-tournantes.jpg\"\n               title=\"jonglage\"\n               data-src=\"https:\/\/pascaleconettaevents.com\/wp-content\/gallery\/artistes\/assiettes-tournantes.jpg\"\n               data-thumbnail=\"https:\/\/pascaleconettaevents.com\/wp-content\/gallery\/artistes\/thumbs\/thumbs_assiettes-tournantes.jpg\"\n               data-image-id=\"204\"\n               data-title=\"JONGLAGE ASSIETTES TOURNANTES\"\n               data-description=\"jonglage\"\n               data-image-slug=\"assiettes-tournantes\"\n               class=\"ngg-simplelightbox\" rel=\"5dc534f2076ac7ad5bb12217871adebf\">\n                <img\n                    title=\"JONGLAGE ASSIETTES TOURNANTES\"\n                    alt=\"JONGLAGE ASSIETTES TOURNANTES\"\n                    src=\"https:\/\/pascaleconettaevents.com\/wp-content\/gallery\/artistes\/thumbs\/thumbs_assiettes-tournantes.jpg\"\n                    width=\"240\"\n                    height=\"160\"\n                    style=\"max-width:100%;\"\n                \/>\n            <\/a>\n        <\/div>\n\t\t\t\t\t\t\t<\/div> \n\t\t\t\n\t\t\t\t<div id=\"ngg-image-1\" class=\"ngg-gallery-thumbnail-box \" >\n\t\t\t\t        <div class=\"ngg-gallery-thumbnail\">\n            <a href=\"https:\/\/pascaleconettaevents.com\/wp-content\/gallery\/artistes\/Orgue-de-barbarie-chanteuse.JPG\"\n               title=\"chanteuse - orgue de barbarie\"\n               data-src=\"https:\/\/pascaleconettaevents.com\/wp-content\/gallery\/artistes\/Orgue-de-barbarie-chanteuse.JPG\"\n               data-thumbnail=\"https:\/\/pascaleconettaevents.com\/wp-content\/gallery\/artistes\/thumbs\/thumbs_Orgue-de-barbarie-chanteuse.JPG\"\n               data-image-id=\"208\"\n               data-title=\"CHANTEUSE ORGUE DE BARBARIE\"\n               data-description=\"chanteuse - orgue de barbarie\"\n               data-image-slug=\"orgue-de-barbarie-chanteuse\"\n               class=\"ngg-simplelightbox\" rel=\"5dc534f2076ac7ad5bb12217871adebf\">\n                <img\n                    title=\"CHANTEUSE ORGUE DE BARBARIE\"\n                    alt=\"CHANTEUSE ORGUE DE BARBARIE\"\n                    src=\"https:\/\/pascaleconettaevents.com\/wp-content\/gallery\/artistes\/thumbs\/thumbs_Orgue-de-barbarie-chanteuse.JPG\"\n                    width=\"240\"\n                    height=\"160\"\n                    style=\"max-width:100%;\"\n                \/>\n            <\/a>\n        <\/div>\n\t\t\t\t\t\t\t<\/div> \n\t\t\t\n\t\t\t\t<div id=\"ngg-image-2\" class=\"ngg-gallery-thumbnail-box \" >\n\t\t\t\t        <div class=\"ngg-gallery-thumbnail\">\n            <a href=\"https:\/\/pascaleconettaevents.com\/wp-content\/gallery\/artistes\/Capoeira.jpg\"\n               title=\"capoeira\"\n               data-src=\"https:\/\/pascaleconettaevents.com\/wp-content\/gallery\/artistes\/Capoeira.jpg\"\n               data-thumbnail=\"https:\/\/pascaleconettaevents.com\/wp-content\/gallery\/artistes\/thumbs\/thumbs_Capoeira.jpg\"\n               data-image-id=\"205\"\n               data-title=\"CAPOEIRA\"\n               data-description=\"capoeira\"\n               data-image-slug=\"capoeira\"\n               class=\"ngg-simplelightbox\" rel=\"5dc534f2076ac7ad5bb12217871adebf\">\n                <img\n                    title=\"CAPOEIRA\"\n                    alt=\"CAPOEIRA\"\n                    src=\"https:\/\/pascaleconettaevents.com\/wp-content\/gallery\/artistes\/thumbs\/thumbs_Capoeira.jpg\"\n                    width=\"240\"\n                    height=\"160\"\n                    style=\"max-width:100%;\"\n                \/>\n            <\/a>\n        <\/div>\n\t\t\t\t\t\t\t<\/div> \n\t\t\t\n\t\t\t\t<div id=\"ngg-image-3\" class=\"ngg-gallery-thumbnail-box \" >\n\t\t\t\t        <div class=\"ngg-gallery-thumbnail\">\n            <a href=\"https:\/\/pascaleconettaevents.com\/wp-content\/gallery\/artistes\/Tissu-Aerien.jpg\"\n               title=\"Acrobate tissu a\u00e9rien\"\n               data-src=\"https:\/\/pascaleconettaevents.com\/wp-content\/gallery\/artistes\/Tissu-Aerien.jpg\"\n               data-thumbnail=\"https:\/\/pascaleconettaevents.com\/wp-content\/gallery\/artistes\/thumbs\/thumbs_Tissu-Aerien.jpg\"\n               data-image-id=\"85\"\n               data-title=\"ACROBATE TISSU AERIEN\"\n               data-description=\"Acrobate tissu a\u00e9rien\"\n               data-image-slug=\"tissu-aerien\"\n               class=\"ngg-simplelightbox\" rel=\"5dc534f2076ac7ad5bb12217871adebf\">\n                <img\n                    title=\"ACROBATE TISSU AERIEN\"\n                    alt=\"ACROBATE TISSU AERIEN\"\n                    src=\"https:\/\/pascaleconettaevents.com\/wp-content\/gallery\/artistes\/thumbs\/thumbs_Tissu-Aerien.jpg\"\n                    width=\"240\"\n                    height=\"160\"\n                    style=\"max-width:100%;\"\n                \/>\n            <\/a>\n        <\/div>\n\t\t\t\t\t\t\t<\/div> \n\t\t\t\n\t\t\t\t<div id=\"ngg-image-4\" class=\"ngg-gallery-thumbnail-box \" >\n\t\t\t\t        <div class=\"ngg-gallery-thumbnail\">\n            <a href=\"https:\/\/pascaleconettaevents.com\/wp-content\/gallery\/artistes\/Frees-style.jpg\"\n               title=\"acrobatie free style\"\n               data-src=\"https:\/\/pascaleconettaevents.com\/wp-content\/gallery\/artistes\/Frees-style.jpg\"\n               data-thumbnail=\"https:\/\/pascaleconettaevents.com\/wp-content\/gallery\/artistes\/thumbs\/thumbs_Frees-style.jpg\"\n               data-image-id=\"206\"\n               data-title=\"ACROBATIE - FREE STYLE\"\n               data-description=\"acrobatie free style\"\n               data-image-slug=\"frees-style\"\n               class=\"ngg-simplelightbox\" rel=\"5dc534f2076ac7ad5bb12217871adebf\">\n                <img\n                    title=\"ACROBATIE - FREE STYLE\"\n                    alt=\"ACROBATIE - FREE STYLE\"\n                    src=\"https:\/\/pascaleconettaevents.com\/wp-content\/gallery\/artistes\/thumbs\/thumbs_Frees-style.jpg\"\n                    width=\"240\"\n                    height=\"160\"\n                    style=\"max-width:100%;\"\n                \/>\n            <\/a>\n        <\/div>\n\t\t\t\t\t\t\t<\/div> \n\t\t\t\n\t\t\t\t<div id=\"ngg-image-5\" class=\"ngg-gallery-thumbnail-box \" >\n\t\t\t\t        <div class=\"ngg-gallery-thumbnail\">\n            <a href=\"https:\/\/pascaleconettaevents.com\/wp-content\/gallery\/artistes\/Swingo-Musette.jpg\"\n               title=\"oechestre mustte et vari\u00e9t\u00e9s\"\n               data-src=\"https:\/\/pascaleconettaevents.com\/wp-content\/gallery\/artistes\/Swingo-Musette.jpg\"\n               data-thumbnail=\"https:\/\/pascaleconettaevents.com\/wp-content\/gallery\/artistes\/thumbs\/thumbs_Swingo-Musette.jpg\"\n               data-image-id=\"209\"\n               data-title=\"ORCHESTRE MUSETTE\"\n               data-description=\"oechestre mustte et vari\u00e9t\u00e9s\"\n               data-image-slug=\"swingo-musette\"\n               class=\"ngg-simplelightbox\" rel=\"5dc534f2076ac7ad5bb12217871adebf\">\n                <img\n                    title=\"ORCHESTRE MUSETTE\"\n                    alt=\"ORCHESTRE MUSETTE\"\n                    src=\"https:\/\/pascaleconettaevents.com\/wp-content\/gallery\/artistes\/thumbs\/thumbs_Swingo-Musette.jpg\"\n                    width=\"240\"\n                    height=\"160\"\n                    style=\"max-width:100%;\"\n                \/>\n            <\/a>\n        <\/div>\n\t\t\t\t\t\t\t<\/div> \n\t\t\t\n\t\t\t\t<div id=\"ngg-image-6\" class=\"ngg-gallery-thumbnail-box \" >\n\t\t\t\t        <div class=\"ngg-gallery-thumbnail\">\n            <a href=\"https:\/\/pascaleconettaevents.com\/wp-content\/gallery\/artistes\/Hypnotiseur.jpg\"\n               title=\"hypnotiseur\"\n               data-src=\"https:\/\/pascaleconettaevents.com\/wp-content\/gallery\/artistes\/Hypnotiseur.jpg\"\n               data-thumbnail=\"https:\/\/pascaleconettaevents.com\/wp-content\/gallery\/artistes\/thumbs\/thumbs_Hypnotiseur.jpg\"\n               data-image-id=\"207\"\n               data-title=\"HYPNOTISEUR\"\n               data-description=\"hypnotiseur\"\n               data-image-slug=\"hypnotiseur\"\n               class=\"ngg-simplelightbox\" rel=\"5dc534f2076ac7ad5bb12217871adebf\">\n                <img\n                    title=\"HYPNOTISEUR\"\n                    alt=\"HYPNOTISEUR\"\n                    src=\"https:\/\/pascaleconettaevents.com\/wp-content\/gallery\/artistes\/thumbs\/thumbs_Hypnotiseur.jpg\"\n                    width=\"240\"\n                    height=\"160\"\n                    style=\"max-width:100%;\"\n                \/>\n            <\/a>\n        <\/div>\n\t\t\t\t\t\t\t<\/div> \n\t\t\t\n\t\t\t\t<div id=\"ngg-image-7\" class=\"ngg-gallery-thumbnail-box \" >\n\t\t\t\t        <div class=\"ngg-gallery-thumbnail\">\n            <a href=\"https:\/\/pascaleconettaevents.com\/wp-content\/gallery\/artistes\/Performeur-cirque.jpg\"\n               title=\"artiste de cirque\"\n               data-src=\"https:\/\/pascaleconettaevents.com\/wp-content\/gallery\/artistes\/Performeur-cirque.jpg\"\n               data-thumbnail=\"https:\/\/pascaleconettaevents.com\/wp-content\/gallery\/artistes\/thumbs\/thumbs_Performeur-cirque.jpg\"\n               data-image-id=\"210\"\n               data-title=\"MAT CHINOIS\"\n               data-description=\"artiste de cirque\"\n               data-image-slug=\"performeur-cirque\"\n               class=\"ngg-simplelightbox\" rel=\"5dc534f2076ac7ad5bb12217871adebf\">\n                <img\n                    title=\"MAT CHINOIS\"\n                    alt=\"MAT CHINOIS\"\n                    src=\"https:\/\/pascaleconettaevents.com\/wp-content\/gallery\/artistes\/thumbs\/thumbs_Performeur-cirque.jpg\"\n                    width=\"240\"\n                    height=\"160\"\n                    style=\"max-width:100%;\"\n                \/>\n            <\/a>\n        <\/div>\n\t\t\t\t\t\t\t<\/div> \n\t\t\t\n\t\t\t\t<div id=\"ngg-image-8\" class=\"ngg-gallery-thumbnail-box \" >\n\t\t\t\t        <div class=\"ngg-gallery-thumbnail\">\n            <a href=\"https:\/\/pascaleconettaevents.com\/wp-content\/gallery\/artistes\/Danseuse-Burlesque.jpg\"\n               title=\"Danseuse burlesque\"\n               data-src=\"https:\/\/pascaleconettaevents.com\/wp-content\/gallery\/artistes\/Danseuse-Burlesque.jpg\"\n               data-thumbnail=\"https:\/\/pascaleconettaevents.com\/wp-content\/gallery\/artistes\/thumbs\/thumbs_Danseuse-Burlesque.jpg\"\n               data-image-id=\"74\"\n               data-title=\"DANSEUSE - BURLESQUE\"\n               data-description=\"Danseuse burlesque\"\n               data-image-slug=\"danseuse-burlesque\"\n               class=\"ngg-simplelightbox\" rel=\"5dc534f2076ac7ad5bb12217871adebf\">\n                <img\n                    title=\"DANSEUSE - BURLESQUE\"\n                    alt=\"DANSEUSE - BURLESQUE\"\n                    src=\"https:\/\/pascaleconettaevents.com\/wp-content\/gallery\/artistes\/thumbs\/thumbs_Danseuse-Burlesque.jpg\"\n                    width=\"240\"\n                    height=\"160\"\n                    style=\"max-width:100%;\"\n                \/>\n            <\/a>\n        <\/div>\n\t\t\t\t\t\t\t<\/div> \n\t\t\t\n\t\t\t\t<div id=\"ngg-image-9\" class=\"ngg-gallery-thumbnail-box \" >\n\t\t\t\t        <div class=\"ngg-gallery-thumbnail\">\n            <a href=\"https:\/\/pascaleconettaevents.com\/wp-content\/gallery\/artistes\/Jongleur-de-feu.JPG\"\n               title=\"Jongleur de feu\"\n               data-src=\"https:\/\/pascaleconettaevents.com\/wp-content\/gallery\/artistes\/Jongleur-de-feu.JPG\"\n               data-thumbnail=\"https:\/\/pascaleconettaevents.com\/wp-content\/gallery\/artistes\/thumbs\/thumbs_Jongleur-de-feu.JPG\"\n               data-image-id=\"79\"\n               data-title=\"JONGLEUR DE FEU\"\n               data-description=\"Jongleur de feu\"\n               data-image-slug=\"jongleur-de-feu\"\n               class=\"ngg-simplelightbox\" rel=\"5dc534f2076ac7ad5bb12217871adebf\">\n                <img\n                    title=\"JONGLEUR DE FEU\"\n                    alt=\"JONGLEUR DE FEU\"\n                    src=\"https:\/\/pascaleconettaevents.com\/wp-content\/gallery\/artistes\/thumbs\/thumbs_Jongleur-de-feu.JPG\"\n                    width=\"240\"\n                    height=\"160\"\n                    style=\"max-width:100%;\"\n                \/>\n            <\/a>\n        <\/div>\n\t\t\t\t\t\t\t<\/div> \n\t\t\t\n\t\t\t\t<div id=\"ngg-image-10\" class=\"ngg-gallery-thumbnail-box \" >\n\t\t\t\t        <div class=\"ngg-gallery-thumbnail\">\n            <a href=\"https:\/\/pascaleconettaevents.com\/wp-content\/gallery\/artistes\/Cirque-3.jpg\"\n               title=\"Monocycle\"\n               data-src=\"https:\/\/pascaleconettaevents.com\/wp-content\/gallery\/artistes\/Cirque-3.jpg\"\n               data-thumbnail=\"https:\/\/pascaleconettaevents.com\/wp-content\/gallery\/artistes\/thumbs\/thumbs_Cirque-3.jpg\"\n               data-image-id=\"71\"\n               data-title=\"ARTISTE DE CIRQUE\"\n               data-description=\"Monocycle\"\n               data-image-slug=\"cirque-3\"\n               class=\"ngg-simplelightbox\" rel=\"5dc534f2076ac7ad5bb12217871adebf\">\n                <img\n                    title=\"ARTISTE DE CIRQUE\"\n                    alt=\"ARTISTE DE CIRQUE\"\n                    src=\"https:\/\/pascaleconettaevents.com\/wp-content\/gallery\/artistes\/thumbs\/thumbs_Cirque-3.jpg\"\n                    width=\"240\"\n                    height=\"160\"\n                    style=\"max-width:100%;\"\n                \/>\n            <\/a>\n        <\/div>\n\t\t\t\t\t\t\t<\/div> \n\t\t\t\n\t\t\t\t<div id=\"ngg-image-11\" class=\"ngg-gallery-thumbnail-box \" >\n\t\t\t\t        <div class=\"ngg-gallery-thumbnail\">\n            <a href=\"https:\/\/pascaleconettaevents.com\/wp-content\/gallery\/artistes\/Clowns.jpg\"\n               title=\"clowns\"\n               data-src=\"https:\/\/pascaleconettaevents.com\/wp-content\/gallery\/artistes\/Clowns.jpg\"\n               data-thumbnail=\"https:\/\/pascaleconettaevents.com\/wp-content\/gallery\/artistes\/thumbs\/thumbs_Clowns.jpg\"\n               data-image-id=\"73\"\n               data-title=\"CLOWNS\"\n               data-description=\"clowns\"\n               data-image-slug=\"clowns\"\n               class=\"ngg-simplelightbox\" rel=\"5dc534f2076ac7ad5bb12217871adebf\">\n                <img\n                    title=\"CLOWNS\"\n                    alt=\"CLOWNS\"\n                    src=\"https:\/\/pascaleconettaevents.com\/wp-content\/gallery\/artistes\/thumbs\/thumbs_Clowns.jpg\"\n                    width=\"240\"\n                    height=\"160\"\n                    style=\"max-width:100%;\"\n                \/>\n            <\/a>\n        <\/div>\n\t\t\t\t\t\t\t<\/div> \n\t\t\t\n\t\t\t\t<div id=\"ngg-image-12\" class=\"ngg-gallery-thumbnail-box \" >\n\t\t\t\t        <div class=\"ngg-gallery-thumbnail\">\n            <a href=\"https:\/\/pascaleconettaevents.com\/wp-content\/gallery\/artistes\/Dresseurs-de-Chiens.jpg\"\n               title=\"Dresseur de chiens\"\n               data-src=\"https:\/\/pascaleconettaevents.com\/wp-content\/gallery\/artistes\/Dresseurs-de-Chiens.jpg\"\n               data-thumbnail=\"https:\/\/pascaleconettaevents.com\/wp-content\/gallery\/artistes\/thumbs\/thumbs_Dresseurs-de-Chiens.jpg\"\n               data-image-id=\"75\"\n               data-title=\"DRESSEUR DE CHIENS\"\n               data-description=\"Dresseur de chiens\"\n               data-image-slug=\"dresseurs-de-chiens\"\n               class=\"ngg-simplelightbox\" rel=\"5dc534f2076ac7ad5bb12217871adebf\">\n                <img\n                    title=\"DRESSEUR DE CHIENS\"\n                    alt=\"DRESSEUR DE CHIENS\"\n                    src=\"https:\/\/pascaleconettaevents.com\/wp-content\/gallery\/artistes\/thumbs\/thumbs_Dresseurs-de-Chiens.jpg\"\n                    width=\"240\"\n                    height=\"160\"\n                    style=\"max-width:100%;\"\n                \/>\n            <\/a>\n        <\/div>\n\t\t\t\t\t\t\t<\/div> \n\t\t\t\n\t\t\t\t<div id=\"ngg-image-13\" class=\"ngg-gallery-thumbnail-box \" >\n\t\t\t\t        <div class=\"ngg-gallery-thumbnail\">\n            <a href=\"https:\/\/pascaleconettaevents.com\/wp-content\/gallery\/artistes\/Danseurs-Hip-hop.jpg\"\n               title=\"Danseurs hip hop\"\n               data-src=\"https:\/\/pascaleconettaevents.com\/wp-content\/gallery\/artistes\/Danseurs-Hip-hop.jpg\"\n               data-thumbnail=\"https:\/\/pascaleconettaevents.com\/wp-content\/gallery\/artistes\/thumbs\/thumbs_Danseurs-Hip-hop.jpg\"\n               data-image-id=\"184\"\n               data-title=\"DANSEURS HIP HOP\"\n               data-description=\"Danseurs hip hop\"\n               data-image-slug=\"danseurs-hip-hop-1\"\n               class=\"ngg-simplelightbox\" rel=\"5dc534f2076ac7ad5bb12217871adebf\">\n                <img\n                    title=\"DANSEURS HIP HOP\"\n                    alt=\"DANSEURS HIP HOP\"\n                    src=\"https:\/\/pascaleconettaevents.com\/wp-content\/gallery\/artistes\/thumbs\/thumbs_Danseurs-Hip-hop.jpg\"\n                    width=\"240\"\n                    height=\"160\"\n                    style=\"max-width:100%;\"\n                \/>\n            <\/a>\n        <\/div>\n\t\t\t\t\t\t\t<\/div> \n\t\t\t\n\t\t\t\t<div id=\"ngg-image-14\" class=\"ngg-gallery-thumbnail-box \" >\n\t\t\t\t        <div class=\"ngg-gallery-thumbnail\">\n            <a href=\"https:\/\/pascaleconettaevents.com\/wp-content\/gallery\/artistes\/Jongleurs.jpg\"\n               title=\"jongleur\"\n               data-src=\"https:\/\/pascaleconettaevents.com\/wp-content\/gallery\/artistes\/Jongleurs.jpg\"\n               data-thumbnail=\"https:\/\/pascaleconettaevents.com\/wp-content\/gallery\/artistes\/thumbs\/thumbs_Jongleurs.jpg\"\n               data-image-id=\"185\"\n               data-title=\"JONGLEUR\"\n               data-description=\"jongleur\"\n               data-image-slug=\"jongleurs\"\n               class=\"ngg-simplelightbox\" rel=\"5dc534f2076ac7ad5bb12217871adebf\">\n                <img\n                    title=\"JONGLEUR\"\n                    alt=\"JONGLEUR\"\n                    src=\"https:\/\/pascaleconettaevents.com\/wp-content\/gallery\/artistes\/thumbs\/thumbs_Jongleurs.jpg\"\n                    width=\"240\"\n                    height=\"160\"\n                    style=\"max-width:100%;\"\n                \/>\n            <\/a>\n        <\/div>\n\t\t\t\t\t\t\t<\/div> \n\t\t\t\n\t\n\t<br style=\"clear: both\" \/>\n\n\t\n\t\t<!-- Pagination -->\n\t<div class='ngg-clear'><\/div>\t<\/div>\n\r\n<p>&nbsp;<\/p>\r\n<p style=\"text-align: center;\"><a href=\"http:\/\/agence-evenements.fr\/?page_id=31\"><img loading=\"lazy\" decoding=\"async\" class=\"alignnone  wp-image-721\" src=\"http:\/\/agence-evenements.fr\/wp-content\/uploads\/Logo2.jpg\" alt=\"\" width=\"92\" height=\"132\">Demande de devis<\/a><\/p>\r\n","protected":false},"excerpt":{"rendered":"<p>Vous \u00eates \u00e0 la recherche d&rsquo;Artistes qui apporteront une touche &nbsp;essentielle \u00e0 un \u00e9v\u00e9nement qui restera grav\u00e9 dans les m\u00e9moires ? D\u00e9couvrez les multiples talents que je vous r\u00e9serve ! Artistes de cirque, musiciens \u00e0 th\u00e8mes, chanteurs, t\u00eates d&rsquo;affiche, humoristes, magiciens, caricaturistes, ventriloques, animateurs, DJs&#8230;. &hellip; <a href=\"https:\/\/pascaleconettaevents.com\/?page_id=68\" class=\"more-link\"><span>Continue reading<span class=\"screen-reader-text\">LES ARTISTES<\/span><\/span><\/a><\/p>\n","protected":false},"author":1,"featured_media":0,"parent":0,"menu_order":0,"comment_status":"closed","ping_status":"closed","template":"","meta":{"ngg_post_thumbnail":0,"footnotes":""},"class_list":["post-68","page","type-page","status-publish","hentry"],"_links":{"self":[{"href":"https:\/\/pascaleconettaevents.com\/index.php?rest_route=\/wp\/v2\/pages\/68","targetHints":{"allow":["GET"]}}],"collection":[{"href":"https:\/\/pascaleconettaevents.com\/index.php?rest_route=\/wp\/v2\/pages"}],"about":[{"href":"https:\/\/pascaleconettaevents.com\/index.php?rest_route=\/wp\/v2\/types\/page"}],"author":[{"embeddable":true,"href":"https:\/\/pascaleconettaevents.com\/index.php?rest_route=\/wp\/v2\/users\/1"}],"replies":[{"embeddable":true,"href":"https:\/\/pascaleconettaevents.com\/index.php?rest_route=%2Fwp%2Fv2%2Fcomments&post=68"}],"version-history":[{"count":13,"href":"https:\/\/pascaleconettaevents.com\/index.php?rest_route=\/wp\/v2\/pages\/68\/revisions"}],"predecessor-version":[{"id":788,"href":"https:\/\/pascaleconettaevents.com\/index.php?rest_route=\/wp\/v2\/pages\/68\/revisions\/788"}],"wp:attachment":[{"href":"https:\/\/pascaleconettaevents.com\/index.php?rest_route=%2Fwp%2Fv2%2Fmedia&parent=68"}],"curies":[{"name":"wp","href":"https:\/\/api.w.org\/{rel}","templated":true}]}}