{"id":31,"date":"2019-03-11T16:31:24","date_gmt":"2019-03-11T16:31:24","guid":{"rendered":"http:\/\/agence-evenements.fr\/?page_id=31"},"modified":"2020-02-24T17:40:14","modified_gmt":"2020-02-24T17:40:14","slug":"contact","status":"publish","type":"page","link":"https:\/\/pascaleconettaevents.com\/?page_id=31","title":{"rendered":"Contact"},"content":{"rendered":"\r\n<h2 style=\"text-align: center;\"><strong><img loading=\"lazy\" decoding=\"async\" class=\"alignnone  wp-image-741\" src=\"http:\/\/agence-evenements.fr\/wp-content\/uploads\/LOGO-PASCALE-CONETTA-208x300.jpg\" alt=\"\" width=\"110\" height=\"159\" srcset=\"https:\/\/pascaleconettaevents.com\/wp-content\/uploads\/LOGO-PASCALE-CONETTA-208x300.jpg 208w, https:\/\/pascaleconettaevents.com\/wp-content\/uploads\/LOGO-PASCALE-CONETTA-711x1024.jpg 711w, https:\/\/pascaleconettaevents.com\/wp-content\/uploads\/LOGO-PASCALE-CONETTA-104x150.jpg 104w, https:\/\/pascaleconettaevents.com\/wp-content\/uploads\/LOGO-PASCALE-CONETTA-768x1106.jpg 768w, https:\/\/pascaleconettaevents.com\/wp-content\/uploads\/LOGO-PASCALE-CONETTA-1067x1536.jpg 1067w, https:\/\/pascaleconettaevents.com\/wp-content\/uploads\/LOGO-PASCALE-CONETTA.jpg 1181w\" sizes=\"auto, (max-width: 110px) 100vw, 110px\" \/>Pascale Conetta Events<\/strong><\/h2>\r\n<p style=\"text-align: center;\"><i>6 rue des&nbsp;Cailleboudes &#8211; 91620 LA VILLE DU BOIS<\/i><\/p>\r\n<p style=\"text-align: center;\"><strong>T\u00e9l: 06.84.73.98.87<\/strong><\/p>\r\n<h6 style=\"text-align: center;\"><em>RCS EVRY 840 431 860 &#8211; N\u00b0TVA: FR06840431860 &#8211; Licence de spectacle : N\u00b02-1115546 \/ N\u00b03-1115547<\/em><\/h6>\r\n<h5 style=\"text-align: center;\"><strong>MERCI DE REMPLIR LE FORMULAIRE CI DESSOUS POUR NOUS CONTACTER PAR MAIL<\/strong><\/h5>\r\n<div role=\"form\" class=\"wpcf7\" id=\"wpcf7-f272-o1\" lang=\"fr-FR\" dir=\"ltr\">\n<div class=\"screen-reader-response\" aria-live=\"polite\"><\/div>\n<form action=\"\/index.php?rest_route=%2Fwp%2Fv2%2Fpages%2F31#wpcf7-f272-o1\" method=\"post\" class=\"wpcf7-form\" novalidate=\"novalidate\">\n<div style=\"display: none;\">\n<input type=\"hidden\" name=\"_wpcf7\" value=\"272\" \/>\n<input type=\"hidden\" name=\"_wpcf7_version\" value=\"5.1.9\" \/>\n<input type=\"hidden\" name=\"_wpcf7_locale\" value=\"fr_FR\" \/>\n<input type=\"hidden\" name=\"_wpcf7_unit_tag\" value=\"wpcf7-f272-o1\" \/>\n<input type=\"hidden\" name=\"_wpcf7_container_post\" value=\"0\" \/>\n<\/div>\n<p><label> Votre nom (obligatoire)<br \/>\n    <span class=\"wpcf7-form-control-wrap your-name\"><input type=\"text\" name=\"your-name\" value=\"\" size=\"40\" class=\"wpcf7-form-control wpcf7-text wpcf7-validates-as-required\" aria-required=\"true\" aria-invalid=\"false\" \/><\/span> <\/label><\/p>\n<p><label> Votre adresse de messagerie (obligatoire)<br \/>\n    <span class=\"wpcf7-form-control-wrap your-email\"><input type=\"email\" name=\"your-email\" value=\"\" size=\"40\" class=\"wpcf7-form-control wpcf7-text wpcf7-email wpcf7-validates-as-required wpcf7-validates-as-email\" aria-required=\"true\" aria-invalid=\"false\" \/><\/span> <\/label><\/p>\n<p><label> Votre num\u00e9ro de t\u00e9l\u00e9phone (obligatoire)<br \/>\n    <span class=\"wpcf7-form-control-wrap tel-693\"><input type=\"tel\" name=\"tel-693\" value=\"\" size=\"40\" class=\"wpcf7-form-control wpcf7-text wpcf7-tel wpcf7-validates-as-required wpcf7-validates-as-tel\" aria-required=\"true\" aria-invalid=\"false\" \/><\/span> <\/label><\/p>\n<p><label> Objet<br \/>\n<span class=\"wpcf7-form-control-wrap your-subject\"><input type=\"text\" name=\"your-subject\" value=\"\" size=\"40\" class=\"wpcf7-form-control wpcf7-text\" aria-invalid=\"false\" \/><\/span> <\/label><\/p>\n<p><label> Votre message<br \/>\n    <span class=\"wpcf7-form-control-wrap your-message\"><textarea name=\"your-message\" cols=\"40\" rows=\"10\" class=\"wpcf7-form-control wpcf7-textarea\" aria-invalid=\"false\"><\/textarea><\/span> <\/label><\/p>\n<p><input type=\"submit\" value=\"Envoyer\" class=\"wpcf7-form-control wpcf7-submit\" \/><\/p>\n<div class=\"wpcf7-response-output wpcf7-display-none\" aria-hidden=\"true\"><\/div><\/form><\/div>\r\n","protected":false},"excerpt":{"rendered":"<p>Pascale Conetta Events 6 rue des&nbsp;Cailleboudes &#8211; 91620 LA VILLE DU BOIS T\u00e9l: 06.84.73.98.87 RCS EVRY 840 431 860 &#8211; N\u00b0TVA: FR06840431860 &#8211; Licence de spectacle : N\u00b02-1115546 \/ N\u00b03-1115547 MERCI DE REMPLIR LE FORMULAIRE CI DESSOUS POUR NOUS CONTACTER PAR MAIL<\/p>\n","protected":false},"author":1,"featured_media":0,"parent":0,"menu_order":0,"comment_status":"closed","ping_status":"closed","template":"","meta":{"ngg_post_thumbnail":0,"footnotes":""},"class_list":["post-31","page","type-page","status-publish","hentry"],"_links":{"self":[{"href":"https:\/\/pascaleconettaevents.com\/index.php?rest_route=\/wp\/v2\/pages\/31","targetHints":{"allow":["GET"]}}],"collection":[{"href":"https:\/\/pascaleconettaevents.com\/index.php?rest_route=\/wp\/v2\/pages"}],"about":[{"href":"https:\/\/pascaleconettaevents.com\/index.php?rest_route=\/wp\/v2\/types\/page"}],"author":[{"embeddable":true,"href":"https:\/\/pascaleconettaevents.com\/index.php?rest_route=\/wp\/v2\/users\/1"}],"replies":[{"embeddable":true,"href":"https:\/\/pascaleconettaevents.com\/index.php?rest_route=%2Fwp%2Fv2%2Fcomments&post=31"}],"version-history":[{"count":18,"href":"https:\/\/pascaleconettaevents.com\/index.php?rest_route=\/wp\/v2\/pages\/31\/revisions"}],"predecessor-version":[{"id":743,"href":"https:\/\/pascaleconettaevents.com\/index.php?rest_route=\/wp\/v2\/pages\/31\/revisions\/743"}],"wp:attachment":[{"href":"https:\/\/pascaleconettaevents.com\/index.php?rest_route=%2Fwp%2Fv2%2Fmedia&parent=31"}],"curies":[{"name":"wp","href":"https:\/\/api.w.org\/{rel}","templated":true}]}}