{"id":29,"date":"2019-03-11T16:31:23","date_gmt":"2019-03-11T16:31:23","guid":{"rendered":"http:\/\/agence-evenements.fr\/?page_id=29"},"modified":"2020-02-24T15:21:03","modified_gmt":"2020-02-24T15:21:03","slug":"collectivites","status":"publish","type":"page","link":"https:\/\/pascaleconettaevents.com\/?page_id=29","title":{"rendered":"Vous \u00eates une COLLECTIVITE"},"content":{"rendered":"\r\n<p>Au travers de manifestations et festivit\u00e9s locales, carnavals, d\u00e9ambulations, march\u00e9s de no\u00ebl, repas des anciens, CCAS ou f\u00eates de quartiers, nous assurons la cr\u00e9ation, l&rsquo;organisation et la mise en place de vos \u00e9v\u00e8nements.<\/p>\r\n<p>Des id\u00e9es originales pour petits et grands sur une animation \u00e0 la carte, \u00e0 l\u2019unit\u00e9 ou en gestion globale d\u2019un \u00e9v\u00e9nement !<\/p>\r\n<p><img loading=\"lazy\" decoding=\"async\" class=\"wp-image-645 aligncenter\" src=\"http:\/\/agence-evenements.fr\/wp-content\/uploads\/DSC_0089-300x123.jpg\" alt=\"\" width=\"729\" height=\"299\" srcset=\"https:\/\/pascaleconettaevents.com\/wp-content\/uploads\/DSC_0089-300x123.jpg 300w, https:\/\/pascaleconettaevents.com\/wp-content\/uploads\/DSC_0089-1024x421.jpg 1024w, https:\/\/pascaleconettaevents.com\/wp-content\/uploads\/DSC_0089-150x62.jpg 150w, https:\/\/pascaleconettaevents.com\/wp-content\/uploads\/DSC_0089-768x316.jpg 768w, https:\/\/pascaleconettaevents.com\/wp-content\/uploads\/DSC_0089-1536x631.jpg 1536w, https:\/\/pascaleconettaevents.com\/wp-content\/uploads\/DSC_0089-2048x841.jpg 2048w\" sizes=\"auto, (max-width: 729px) 100vw, 729px\" \/><\/p>\r\n<!-- default-view.php -->\n<div\n\tclass=\"ngg-galleryoverview default-view \"\n\tid=\"ngg-gallery-94e3e1e8fed48526db93a0b8df035be7-1\">\n\n\t\t<!-- Thumbnails -->\n\t\t\t\t<div id=\"ngg-image-0\" class=\"ngg-gallery-thumbnail-box \" >\n\t\t\t\t        <div class=\"ngg-gallery-thumbnail\">\n            <a href=\"https:\/\/pascaleconettaevents.com\/wp-content\/gallery\/collectivites\/carnaval.jpg\"\n               title=\"Carnaval\"\n               data-src=\"https:\/\/pascaleconettaevents.com\/wp-content\/gallery\/collectivites\/carnaval.jpg\"\n               data-thumbnail=\"https:\/\/pascaleconettaevents.com\/wp-content\/gallery\/collectivites\/thumbs\/thumbs_carnaval.jpg\"\n               data-image-id=\"144\"\n               data-title=\"CARNAVALS\"\n               data-description=\"Carnaval\"\n               data-image-slug=\"carnaval-3\"\n               class=\"ngg-simplelightbox\" rel=\"94e3e1e8fed48526db93a0b8df035be7\">\n                <img\n                    title=\"CARNAVALS\"\n                    alt=\"CARNAVALS\"\n                    src=\"https:\/\/pascaleconettaevents.com\/wp-content\/gallery\/collectivites\/thumbs\/thumbs_carnaval.jpg\"\n                    width=\"240\"\n                    height=\"160\"\n                    style=\"max-width:100%;\"\n                \/>\n            <\/a>\n        <\/div>\n\t\t\t\t\t\t\t<\/div> \n\t\t\t\n\t\t\t\t<div id=\"ngg-image-1\" class=\"ngg-gallery-thumbnail-box \" >\n\t\t\t\t        <div class=\"ngg-gallery-thumbnail\">\n            <a href=\"https:\/\/pascaleconettaevents.com\/wp-content\/gallery\/collectivites\/fanfare-de-cirque.jpg\"\n               title=\"Fanfare\"\n               data-src=\"https:\/\/pascaleconettaevents.com\/wp-content\/gallery\/collectivites\/fanfare-de-cirque.jpg\"\n               data-thumbnail=\"https:\/\/pascaleconettaevents.com\/wp-content\/gallery\/collectivites\/thumbs\/thumbs_fanfare-de-cirque.jpg\"\n               data-image-id=\"150\"\n               data-title=\"FANFARES\"\n               data-description=\"Fanfare\"\n               data-image-slug=\"fanfare-de-cirque\"\n               class=\"ngg-simplelightbox\" rel=\"94e3e1e8fed48526db93a0b8df035be7\">\n                <img\n                    title=\"FANFARES\"\n                    alt=\"FANFARES\"\n                    src=\"https:\/\/pascaleconettaevents.com\/wp-content\/gallery\/collectivites\/thumbs\/thumbs_fanfare-de-cirque.jpg\"\n                    width=\"240\"\n                    height=\"160\"\n                    style=\"max-width:100%;\"\n                \/>\n            <\/a>\n        <\/div>\n\t\t\t\t\t\t\t<\/div> \n\t\t\t\n\t\t\t\t<div id=\"ngg-image-2\" class=\"ngg-gallery-thumbnail-box \" >\n\t\t\t\t        <div class=\"ngg-gallery-thumbnail\">\n            <a href=\"https:\/\/pascaleconettaevents.com\/wp-content\/gallery\/collectivites\/Structures-dynamiques.jpg\"\n               title=\"Structures dynamiques\"\n               data-src=\"https:\/\/pascaleconettaevents.com\/wp-content\/gallery\/collectivites\/Structures-dynamiques.jpg\"\n               data-thumbnail=\"https:\/\/pascaleconettaevents.com\/wp-content\/gallery\/collectivites\/thumbs\/thumbs_Structures-dynamiques.jpg\"\n               data-image-id=\"155\"\n               data-title=\"STRUCTURES DYNAMIQUES\"\n               data-description=\"Structures dynamiques\"\n               data-image-slug=\"structures-dynamiques\"\n               class=\"ngg-simplelightbox\" rel=\"94e3e1e8fed48526db93a0b8df035be7\">\n                <img\n                    title=\"STRUCTURES DYNAMIQUES\"\n                    alt=\"STRUCTURES DYNAMIQUES\"\n                    src=\"https:\/\/pascaleconettaevents.com\/wp-content\/gallery\/collectivites\/thumbs\/thumbs_Structures-dynamiques.jpg\"\n                    width=\"240\"\n                    height=\"160\"\n                    style=\"max-width:100%;\"\n                \/>\n            <\/a>\n        <\/div>\n\t\t\t\t\t\t\t<\/div> \n\t\t\t\n\t\t\t\t<div id=\"ngg-image-3\" class=\"ngg-gallery-thumbnail-box \" >\n\t\t\t\t        <div class=\"ngg-gallery-thumbnail\">\n            <a href=\"https:\/\/pascaleconettaevents.com\/wp-content\/gallery\/collectivites\/Feeries-de-Noel-Piste-de-ski-de-fond.jpg\"\n               title=\"Pistes de ski\"\n               data-src=\"https:\/\/pascaleconettaevents.com\/wp-content\/gallery\/collectivites\/Feeries-de-Noel-Piste-de-ski-de-fond.jpg\"\n               data-thumbnail=\"https:\/\/pascaleconettaevents.com\/wp-content\/gallery\/collectivites\/thumbs\/thumbs_Feeries-de-Noel-Piste-de-ski-de-fond.jpg\"\n               data-image-id=\"151\"\n               data-title=\"PISTES DE SKI\"\n               data-description=\"Pistes de ski\"\n               data-image-slug=\"feeries-de-noel-piste-de-ski-de-fond\"\n               class=\"ngg-simplelightbox\" rel=\"94e3e1e8fed48526db93a0b8df035be7\">\n                <img\n                    title=\"PISTES DE SKI\"\n                    alt=\"PISTES DE SKI\"\n                    src=\"https:\/\/pascaleconettaevents.com\/wp-content\/gallery\/collectivites\/thumbs\/thumbs_Feeries-de-Noel-Piste-de-ski-de-fond.jpg\"\n                    width=\"240\"\n                    height=\"160\"\n                    style=\"max-width:100%;\"\n                \/>\n            <\/a>\n        <\/div>\n\t\t\t\t\t\t\t<\/div> \n\t\t\t\n\t\t\t\t<div id=\"ngg-image-4\" class=\"ngg-gallery-thumbnail-box \" >\n\t\t\t\t        <div class=\"ngg-gallery-thumbnail\">\n            <a href=\"https:\/\/pascaleconettaevents.com\/wp-content\/gallery\/collectivites\/chalet.jpg\"\n               title=\"Chalet de noel\"\n               data-src=\"https:\/\/pascaleconettaevents.com\/wp-content\/gallery\/collectivites\/chalet.jpg\"\n               data-thumbnail=\"https:\/\/pascaleconettaevents.com\/wp-content\/gallery\/collectivites\/thumbs\/thumbs_chalet.jpg\"\n               data-image-id=\"145\"\n               data-title=\"MARCHE DE NOEL\"\n               data-description=\"Chalet de noel\"\n               data-image-slug=\"chalet\"\n               class=\"ngg-simplelightbox\" rel=\"94e3e1e8fed48526db93a0b8df035be7\">\n                <img\n                    title=\"MARCHE DE NOEL\"\n                    alt=\"MARCHE DE NOEL\"\n                    src=\"https:\/\/pascaleconettaevents.com\/wp-content\/gallery\/collectivites\/thumbs\/thumbs_chalet.jpg\"\n                    width=\"240\"\n                    height=\"160\"\n                    style=\"max-width:100%;\"\n                \/>\n            <\/a>\n        <\/div>\n\t\t\t\t\t\t\t<\/div> \n\t\t\t\n\t\t\t\t<div id=\"ngg-image-5\" class=\"ngg-gallery-thumbnail-box \" >\n\t\t\t\t        <div class=\"ngg-gallery-thumbnail\">\n            <a href=\"https:\/\/pascaleconettaevents.com\/wp-content\/gallery\/collectivites\/Deambulatoires.jpg\"\n               title=\"D\u00e9ambulations\"\n               data-src=\"https:\/\/pascaleconettaevents.com\/wp-content\/gallery\/collectivites\/Deambulatoires.jpg\"\n               data-thumbnail=\"https:\/\/pascaleconettaevents.com\/wp-content\/gallery\/collectivites\/thumbs\/thumbs_Deambulatoires.jpg\"\n               data-image-id=\"146\"\n               data-title=\"DEAMBULATIONS\"\n               data-description=\"D\u00e9ambulations\"\n               data-image-slug=\"deambulatoires\"\n               class=\"ngg-simplelightbox\" rel=\"94e3e1e8fed48526db93a0b8df035be7\">\n                <img\n                    title=\"DEAMBULATIONS\"\n                    alt=\"DEAMBULATIONS\"\n                    src=\"https:\/\/pascaleconettaevents.com\/wp-content\/gallery\/collectivites\/thumbs\/thumbs_Deambulatoires.jpg\"\n                    width=\"240\"\n                    height=\"160\"\n                    style=\"max-width:100%;\"\n                \/>\n            <\/a>\n        <\/div>\n\t\t\t\t\t\t\t<\/div> \n\t\t\t\n\t\t\t\t<div id=\"ngg-image-6\" class=\"ngg-gallery-thumbnail-box \" >\n\t\t\t\t        <div class=\"ngg-gallery-thumbnail\">\n            <a href=\"https:\/\/pascaleconettaevents.com\/wp-content\/gallery\/collectivites\/Echassiers-futuristes.jpg\"\n               title=\"Artistes de rue\"\n               data-src=\"https:\/\/pascaleconettaevents.com\/wp-content\/gallery\/collectivites\/Echassiers-futuristes.jpg\"\n               data-thumbnail=\"https:\/\/pascaleconettaevents.com\/wp-content\/gallery\/collectivites\/thumbs\/thumbs_Echassiers-futuristes.jpg\"\n               data-image-id=\"149\"\n               data-title=\"ECHASSIERS - ARTISTES DE RUE\"\n               data-description=\"Artistes de rue\"\n               data-image-slug=\"echassiers-futuristes\"\n               class=\"ngg-simplelightbox\" rel=\"94e3e1e8fed48526db93a0b8df035be7\">\n                <img\n                    title=\"ECHASSIERS - ARTISTES DE RUE\"\n                    alt=\"ECHASSIERS - ARTISTES DE RUE\"\n                    src=\"https:\/\/pascaleconettaevents.com\/wp-content\/gallery\/collectivites\/thumbs\/thumbs_Echassiers-futuristes.jpg\"\n                    width=\"240\"\n                    height=\"160\"\n                    style=\"max-width:100%;\"\n                \/>\n            <\/a>\n        <\/div>\n\t\t\t\t\t\t\t<\/div> \n\t\t\t\n\t\t\t\t<div id=\"ngg-image-7\" class=\"ngg-gallery-thumbnail-box \" >\n\t\t\t\t        <div class=\"ngg-gallery-thumbnail\">\n            <a href=\"https:\/\/pascaleconettaevents.com\/wp-content\/gallery\/collectivites\/D%C3%A9cor-de-No%C3%ABl.jpg\"\n               title=\"Decors\"\n               data-src=\"https:\/\/pascaleconettaevents.com\/wp-content\/gallery\/collectivites\/D%C3%A9cor-de-No%C3%ABl.jpg\"\n               data-thumbnail=\"https:\/\/pascaleconettaevents.com\/wp-content\/gallery\/collectivites\/thumbs\/thumbs_D%C3%A9cor-de-No%C3%ABl.jpg\"\n               data-image-id=\"148\"\n               data-title=\"DECORS\"\n               data-description=\"Decors\"\n               data-image-slug=\"d%c3%a9cor-de-no%c3%abl-3\"\n               class=\"ngg-simplelightbox\" rel=\"94e3e1e8fed48526db93a0b8df035be7\">\n                <img\n                    title=\"DECORS\"\n                    alt=\"DECORS\"\n                    src=\"https:\/\/pascaleconettaevents.com\/wp-content\/gallery\/collectivites\/thumbs\/thumbs_D%C3%A9cor-de-No%C3%ABl.jpg\"\n                    width=\"240\"\n                    height=\"160\"\n                    style=\"max-width:100%;\"\n                \/>\n            <\/a>\n        <\/div>\n\t\t\t\t\t\t\t<\/div> \n\t\t\t\n\t\t\t\t<div id=\"ngg-image-8\" class=\"ngg-gallery-thumbnail-box \" >\n\t\t\t\t        <div class=\"ngg-gallery-thumbnail\">\n            <a href=\"https:\/\/pascaleconettaevents.com\/wp-content\/gallery\/collectivites\/theatre-de-rue.JPG\"\n               title=\"Th\u00e9atre de rue\"\n               data-src=\"https:\/\/pascaleconettaevents.com\/wp-content\/gallery\/collectivites\/theatre-de-rue.JPG\"\n               data-thumbnail=\"https:\/\/pascaleconettaevents.com\/wp-content\/gallery\/collectivites\/thumbs\/thumbs_theatre-de-rue.JPG\"\n               data-image-id=\"156\"\n               data-title=\"THEATRE DE RUE\"\n               data-description=\"Th\u00e9atre de rue\"\n               data-image-slug=\"theatre-de-rue\"\n               class=\"ngg-simplelightbox\" rel=\"94e3e1e8fed48526db93a0b8df035be7\">\n                <img\n                    title=\"THEATRE DE RUE\"\n                    alt=\"THEATRE DE RUE\"\n                    src=\"https:\/\/pascaleconettaevents.com\/wp-content\/gallery\/collectivites\/thumbs\/thumbs_theatre-de-rue.JPG\"\n                    width=\"240\"\n                    height=\"160\"\n                    style=\"max-width:100%;\"\n                \/>\n            <\/a>\n        <\/div>\n\t\t\t\t\t\t\t<\/div> \n\t\t\t\n\t\t\t\t<div id=\"ngg-image-9\" class=\"ngg-gallery-thumbnail-box \" >\n\t\t\t\t        <div class=\"ngg-gallery-thumbnail\">\n            <a href=\"https:\/\/pascaleconettaevents.com\/wp-content\/gallery\/collectivites\/DSC_0004.JPG\"\n               title=\"D\u00e9fil\u00e9s\"\n               data-src=\"https:\/\/pascaleconettaevents.com\/wp-content\/gallery\/collectivites\/DSC_0004.JPG\"\n               data-thumbnail=\"https:\/\/pascaleconettaevents.com\/wp-content\/gallery\/collectivites\/thumbs\/thumbs_DSC_0004.JPG\"\n               data-image-id=\"160\"\n               data-title=\"DEFILES\"\n               data-description=\"D\u00e9fil\u00e9s\"\n               data-image-slug=\"dsc_0004\"\n               class=\"ngg-simplelightbox\" rel=\"94e3e1e8fed48526db93a0b8df035be7\">\n                <img\n                    title=\"DEFILES\"\n                    alt=\"DEFILES\"\n                    src=\"https:\/\/pascaleconettaevents.com\/wp-content\/gallery\/collectivites\/thumbs\/thumbs_DSC_0004.JPG\"\n                    width=\"240\"\n                    height=\"160\"\n                    style=\"max-width:100%;\"\n                \/>\n            <\/a>\n        <\/div>\n\t\t\t\t\t\t\t<\/div> \n\t\t\t\n\t\t\t\t<div id=\"ngg-image-10\" class=\"ngg-gallery-thumbnail-box \" >\n\t\t\t\t        <div class=\"ngg-gallery-thumbnail\">\n            <a href=\"https:\/\/pascaleconettaevents.com\/wp-content\/gallery\/collectivites\/Voeux-du-maire.jpg\"\n               title=\"Voeux du Maire\"\n               data-src=\"https:\/\/pascaleconettaevents.com\/wp-content\/gallery\/collectivites\/Voeux-du-maire.jpg\"\n               data-thumbnail=\"https:\/\/pascaleconettaevents.com\/wp-content\/gallery\/collectivites\/thumbs\/thumbs_Voeux-du-maire.jpg\"\n               data-image-id=\"158\"\n               data-title=\"VOEUX DU MAIRE\"\n               data-description=\"Voeux du Maire\"\n               data-image-slug=\"voeux-du-maire\"\n               class=\"ngg-simplelightbox\" rel=\"94e3e1e8fed48526db93a0b8df035be7\">\n                <img\n                    title=\"VOEUX DU MAIRE\"\n                    alt=\"VOEUX DU MAIRE\"\n                    src=\"https:\/\/pascaleconettaevents.com\/wp-content\/gallery\/collectivites\/thumbs\/thumbs_Voeux-du-maire.jpg\"\n                    width=\"240\"\n                    height=\"160\"\n                    style=\"max-width:100%;\"\n                \/>\n            <\/a>\n        <\/div>\n\t\t\t\t\t\t\t<\/div> \n\t\t\t\n\t\t\t\t<div id=\"ngg-image-11\" class=\"ngg-gallery-thumbnail-box \" >\n\t\t\t\t        <div class=\"ngg-gallery-thumbnail\">\n            <a href=\"https:\/\/pascaleconettaevents.com\/wp-content\/gallery\/collectivites\/Fete-m%C3%A9di%C3%A9vale.jpg\"\n               title=\"F\u00eate m\u00e9di\u00e9vale\"\n               data-src=\"https:\/\/pascaleconettaevents.com\/wp-content\/gallery\/collectivites\/Fete-m%C3%A9di%C3%A9vale.jpg\"\n               data-thumbnail=\"https:\/\/pascaleconettaevents.com\/wp-content\/gallery\/collectivites\/thumbs\/thumbs_Fete-m%C3%A9di%C3%A9vale.jpg\"\n               data-image-id=\"152\"\n               data-title=\"FETE MEDIEVALE\"\n               data-description=\"F\u00eate m\u00e9di\u00e9vale\"\n               data-image-slug=\"fete-m%c3%a9di%c3%a9vale\"\n               class=\"ngg-simplelightbox\" rel=\"94e3e1e8fed48526db93a0b8df035be7\">\n                <img\n                    title=\"FETE MEDIEVALE\"\n                    alt=\"FETE MEDIEVALE\"\n                    src=\"https:\/\/pascaleconettaevents.com\/wp-content\/gallery\/collectivites\/thumbs\/thumbs_Fete-m%C3%A9di%C3%A9vale.jpg\"\n                    width=\"240\"\n                    height=\"160\"\n                    style=\"max-width:100%;\"\n                \/>\n            <\/a>\n        <\/div>\n\t\t\t\t\t\t\t<\/div> \n\t\t\t\n\t\n\t<br style=\"clear: both\" \/>\n\n\t\n\t\t<!-- Pagination -->\n\t<div class='ngg-clear'><\/div>\t<\/div>\n\r\n<p style=\"text-align: center;\">&nbsp;<\/p>\r\n<p style=\"text-align: center;\"><a href=\"http:\/\/agence-evenements.fr\/?page_id=31\"><img loading=\"lazy\" decoding=\"async\" class=\"alignnone  wp-image-721\" src=\"http:\/\/agence-evenements.fr\/wp-content\/uploads\/Logo2.jpg\" alt=\"\" width=\"87\" height=\"126\"><\/a><a href=\"http:\/\/agence-evenements.fr\/?page_id=31\">Demande de Renseignements<\/a><\/p>\r\n","protected":false},"excerpt":{"rendered":"<p>Au travers de manifestations et festivit\u00e9s locales, carnavals, d\u00e9ambulations, march\u00e9s de no\u00ebl, repas des anciens, CCAS ou f\u00eates de quartiers, nous assurons la cr\u00e9ation, l&rsquo;organisation et la mise en place de vos \u00e9v\u00e8nements. Des id\u00e9es originales pour petits et grands sur une animation \u00e0 la &hellip; <a href=\"https:\/\/pascaleconettaevents.com\/?page_id=29\" class=\"more-link\"><span>Continue reading<span class=\"screen-reader-text\">Vous \u00eates une COLLECTIVITE<\/span><\/span><\/a><\/p>\n","protected":false},"author":1,"featured_media":0,"parent":0,"menu_order":0,"comment_status":"closed","ping_status":"closed","template":"","meta":{"ngg_post_thumbnail":0,"footnotes":""},"class_list":["post-29","page","type-page","status-publish","hentry"],"_links":{"self":[{"href":"https:\/\/pascaleconettaevents.com\/index.php?rest_route=\/wp\/v2\/pages\/29","targetHints":{"allow":["GET"]}}],"collection":[{"href":"https:\/\/pascaleconettaevents.com\/index.php?rest_route=\/wp\/v2\/pages"}],"about":[{"href":"https:\/\/pascaleconettaevents.com\/index.php?rest_route=\/wp\/v2\/types\/page"}],"author":[{"embeddable":true,"href":"https:\/\/pascaleconettaevents.com\/index.php?rest_route=\/wp\/v2\/users\/1"}],"replies":[{"embeddable":true,"href":"https:\/\/pascaleconettaevents.com\/index.php?rest_route=%2Fwp%2Fv2%2Fcomments&post=29"}],"version-history":[{"count":15,"href":"https:\/\/pascaleconettaevents.com\/index.php?rest_route=\/wp\/v2\/pages\/29\/revisions"}],"predecessor-version":[{"id":730,"href":"https:\/\/pascaleconettaevents.com\/index.php?rest_route=\/wp\/v2\/pages\/29\/revisions\/730"}],"wp:attachment":[{"href":"https:\/\/pascaleconettaevents.com\/index.php?rest_route=%2Fwp%2Fv2%2Fmedia&parent=29"}],"curies":[{"name":"wp","href":"https:\/\/api.w.org\/{rel}","templated":true}]}}