{"id":28,"date":"2019-03-11T16:31:23","date_gmt":"2019-03-11T16:31:23","guid":{"rendered":"http:\/\/agence-evenements.fr\/?page_id=28"},"modified":"2020-02-28T18:21:24","modified_gmt":"2020-02-28T18:21:24","slug":"evenementiel","status":"publish","type":"page","link":"https:\/\/pascaleconettaevents.com\/?page_id=28","title":{"rendered":"Vous \u00eates une ENTREPRISE"},"content":{"rendered":"Pour vos soir\u00e9es d&rsquo;entreprise, lancements de produits, \u00e9v\u00e8nements collaboratifs et de coh\u00e9sion, des concepts adapt\u00e9s vous seront propos\u00e9s.\r\n\r\nCr\u00e9ation, coordination, gestion de l&rsquo;\u00e9v\u00e9nement, propositions d&rsquo;interventions artistiques font partis de nos domaines d&rsquo;expertises.\r\n\r\nParce que chaque \u00e9v\u00e9nement est unique, votre message et votre image seront restitu\u00e9s avec la plus grande justesse et attention.\r\n\r\n<img loading=\"lazy\" decoding=\"async\" class=\"wp-image-234\" src=\"http:\/\/agence-evenements.fr\/wp-content\/uploads\/Soiree-dentreprise-300x169.jpg\" alt=\"\" width=\"749\" height=\"422\" srcset=\"https:\/\/pascaleconettaevents.com\/wp-content\/uploads\/Soiree-dentreprise-300x169.jpg 300w, https:\/\/pascaleconettaevents.com\/wp-content\/uploads\/Soiree-dentreprise-150x84.jpg 150w, https:\/\/pascaleconettaevents.com\/wp-content\/uploads\/Soiree-dentreprise-768x432.jpg 768w, https:\/\/pascaleconettaevents.com\/wp-content\/uploads\/Soiree-dentreprise-1024x576.jpg 1024w, https:\/\/pascaleconettaevents.com\/wp-content\/uploads\/Soiree-dentreprise-1920x1080.jpg 1920w\" sizes=\"auto, (max-width: 749px) 100vw, 749px\" \/>\r\n\r\n<!-- default-view.php -->\n<div\n\tclass=\"ngg-galleryoverview default-view \"\n\tid=\"ngg-gallery-ce4edb75b63310e249769645cef5f97c-1\">\n\n\t\t<!-- Thumbnails -->\n\t\t\t\t<div id=\"ngg-image-0\" class=\"ngg-gallery-thumbnail-box \" >\n\t\t\t\t        <div class=\"ngg-gallery-thumbnail\">\n            <a href=\"https:\/\/pascaleconettaevents.com\/wp-content\/gallery\/entreprise\/Lieux.jpg\"\n               title=\"Recherche de lieux\"\n               data-src=\"https:\/\/pascaleconettaevents.com\/wp-content\/gallery\/entreprise\/Lieux.jpg\"\n               data-thumbnail=\"https:\/\/pascaleconettaevents.com\/wp-content\/gallery\/entreprise\/thumbs\/thumbs_Lieux.jpg\"\n               data-image-id=\"92\"\n               data-title=\"RECHERCHE DE LIEUX\"\n               data-description=\"Recherche de lieux\"\n               data-image-slug=\"lieux\"\n               class=\"ngg-simplelightbox\" rel=\"ce4edb75b63310e249769645cef5f97c\">\n                <img\n                    title=\"RECHERCHE DE LIEUX\"\n                    alt=\"RECHERCHE DE LIEUX\"\n                    src=\"https:\/\/pascaleconettaevents.com\/wp-content\/gallery\/entreprise\/thumbs\/thumbs_Lieux.jpg\"\n                    width=\"240\"\n                    height=\"160\"\n                    style=\"max-width:100%;\"\n                \/>\n            <\/a>\n        <\/div>\n\t\t\t\t\t\t\t<\/div> \n\t\t\t\n\t\t\t\t<div id=\"ngg-image-1\" class=\"ngg-gallery-thumbnail-box \" >\n\t\t\t\t        <div class=\"ngg-gallery-thumbnail\">\n            <a href=\"https:\/\/pascaleconettaevents.com\/wp-content\/gallery\/entreprise\/traiteur.jpg\"\n               title=\"traiteur\"\n               data-src=\"https:\/\/pascaleconettaevents.com\/wp-content\/gallery\/entreprise\/traiteur.jpg\"\n               data-thumbnail=\"https:\/\/pascaleconettaevents.com\/wp-content\/gallery\/entreprise\/thumbs\/thumbs_traiteur.jpg\"\n               data-image-id=\"140\"\n               data-title=\"TRAITEUR\"\n               data-description=\"traiteur\"\n               data-image-slug=\"traiteur\"\n               class=\"ngg-simplelightbox\" rel=\"ce4edb75b63310e249769645cef5f97c\">\n                <img\n                    title=\"TRAITEUR\"\n                    alt=\"TRAITEUR\"\n                    src=\"https:\/\/pascaleconettaevents.com\/wp-content\/gallery\/entreprise\/thumbs\/thumbs_traiteur.jpg\"\n                    width=\"240\"\n                    height=\"160\"\n                    style=\"max-width:100%;\"\n                \/>\n            <\/a>\n        <\/div>\n\t\t\t\t\t\t\t<\/div> \n\t\t\t\n\t\t\t\t<div id=\"ngg-image-2\" class=\"ngg-gallery-thumbnail-box \" >\n\t\t\t\t        <div class=\"ngg-gallery-thumbnail\">\n            <a href=\"https:\/\/pascaleconettaevents.com\/wp-content\/gallery\/entreprise\/Soiree-entreprise.jpg\"\n               title=\"soir\u00e9e d&#039;entreprise - soir\u00e9e dansante - orchestre\"\n               data-src=\"https:\/\/pascaleconettaevents.com\/wp-content\/gallery\/entreprise\/Soiree-entreprise.jpg\"\n               data-thumbnail=\"https:\/\/pascaleconettaevents.com\/wp-content\/gallery\/entreprise\/thumbs\/thumbs_Soiree-entreprise.jpg\"\n               data-image-id=\"141\"\n               data-title=\"SOIREE D&#039;ENTREPRISE\"\n               data-description=\"soir\u00e9e d&#039;entreprise - soir\u00e9e dansante - orchestre\"\n               data-image-slug=\"soiree-entreprise\"\n               class=\"ngg-simplelightbox\" rel=\"ce4edb75b63310e249769645cef5f97c\">\n                <img\n                    title=\"SOIREE D&#039;ENTREPRISE\"\n                    alt=\"SOIREE D&#039;ENTREPRISE\"\n                    src=\"https:\/\/pascaleconettaevents.com\/wp-content\/gallery\/entreprise\/thumbs\/thumbs_Soiree-entreprise.jpg\"\n                    width=\"240\"\n                    height=\"160\"\n                    style=\"max-width:100%;\"\n                \/>\n            <\/a>\n        <\/div>\n\t\t\t\t\t\t\t<\/div> \n\t\t\t\n\t\t\t\t<div id=\"ngg-image-3\" class=\"ngg-gallery-thumbnail-box \" >\n\t\t\t\t        <div class=\"ngg-gallery-thumbnail\">\n            <a href=\"https:\/\/pascaleconettaevents.com\/wp-content\/gallery\/entreprise\/lancement-de-produits-scaled.jpg\"\n               title=\"lancement de produits\"\n               data-src=\"https:\/\/pascaleconettaevents.com\/wp-content\/gallery\/entreprise\/lancement-de-produits-scaled.jpg\"\n               data-thumbnail=\"https:\/\/pascaleconettaevents.com\/wp-content\/gallery\/entreprise\/thumbs\/thumbs_lancement-de-produits-scaled.jpg\"\n               data-image-id=\"136\"\n               data-title=\"LANCEMENT DE PRODUITS\"\n               data-description=\"lancement de produits\"\n               data-image-slug=\"lancement-de-produits-scaled\"\n               class=\"ngg-simplelightbox\" rel=\"ce4edb75b63310e249769645cef5f97c\">\n                <img\n                    title=\"LANCEMENT DE PRODUITS\"\n                    alt=\"LANCEMENT DE PRODUITS\"\n                    src=\"https:\/\/pascaleconettaevents.com\/wp-content\/gallery\/entreprise\/thumbs\/thumbs_lancement-de-produits-scaled.jpg\"\n                    width=\"240\"\n                    height=\"160\"\n                    style=\"max-width:100%;\"\n                \/>\n            <\/a>\n        <\/div>\n\t\t\t\t\t\t\t<\/div> \n\t\t\t\n\t\t\t\t<div id=\"ngg-image-4\" class=\"ngg-gallery-thumbnail-box \" >\n\t\t\t\t        <div class=\"ngg-gallery-thumbnail\">\n            <a href=\"https:\/\/pascaleconettaevents.com\/wp-content\/gallery\/entreprise\/convention.JPG\"\n               title=\"S\u00e9minaires et conventions\"\n               data-src=\"https:\/\/pascaleconettaevents.com\/wp-content\/gallery\/entreprise\/convention.JPG\"\n               data-thumbnail=\"https:\/\/pascaleconettaevents.com\/wp-content\/gallery\/entreprise\/thumbs\/thumbs_convention.JPG\"\n               data-image-id=\"143\"\n               data-title=\"SEMINAIRES ET CONVENTIONS\"\n               data-description=\"S\u00e9minaires et conventions\"\n               data-image-slug=\"convention\"\n               class=\"ngg-simplelightbox\" rel=\"ce4edb75b63310e249769645cef5f97c\">\n                <img\n                    title=\"SEMINAIRES ET CONVENTIONS\"\n                    alt=\"SEMINAIRES ET CONVENTIONS\"\n                    src=\"https:\/\/pascaleconettaevents.com\/wp-content\/gallery\/entreprise\/thumbs\/thumbs_convention.JPG\"\n                    width=\"240\"\n                    height=\"160\"\n                    style=\"max-width:100%;\"\n                \/>\n            <\/a>\n        <\/div>\n\t\t\t\t\t\t\t<\/div> \n\t\t\t\n\t\t\t\t<div id=\"ngg-image-5\" class=\"ngg-gallery-thumbnail-box \" >\n\t\t\t\t        <div class=\"ngg-gallery-thumbnail\">\n            <a href=\"https:\/\/pascaleconettaevents.com\/wp-content\/gallery\/entreprise\/entreprise-Lieux-atypiques.jpg\"\n               title=\"croisi\u00e8re sur la seine\"\n               data-src=\"https:\/\/pascaleconettaevents.com\/wp-content\/gallery\/entreprise\/entreprise-Lieux-atypiques.jpg\"\n               data-thumbnail=\"https:\/\/pascaleconettaevents.com\/wp-content\/gallery\/entreprise\/thumbs\/thumbs_entreprise-Lieux-atypiques.jpg\"\n               data-image-id=\"37\"\n               data-title=\"CROISIERES SUR LA SEINE\"\n               data-description=\"croisi\u00e8re sur la seine\"\n               data-image-slug=\"entreprise-lieux-atypiques\"\n               class=\"ngg-simplelightbox\" rel=\"ce4edb75b63310e249769645cef5f97c\">\n                <img\n                    title=\"CROISIERES SUR LA SEINE\"\n                    alt=\"CROISIERES SUR LA SEINE\"\n                    src=\"https:\/\/pascaleconettaevents.com\/wp-content\/gallery\/entreprise\/thumbs\/thumbs_entreprise-Lieux-atypiques.jpg\"\n                    width=\"240\"\n                    height=\"160\"\n                    style=\"max-width:100%;\"\n                \/>\n            <\/a>\n        <\/div>\n\t\t\t\t\t\t\t<\/div> \n\t\t\t\n\t\t\t\t<div id=\"ngg-image-6\" class=\"ngg-gallery-thumbnail-box \" >\n\t\t\t\t        <div class=\"ngg-gallery-thumbnail\">\n            <a href=\"https:\/\/pascaleconettaevents.com\/wp-content\/gallery\/entreprise\/Barbecue.jpg\"\n               title=\"traiteur et r\u00e9ception\"\n               data-src=\"https:\/\/pascaleconettaevents.com\/wp-content\/gallery\/entreprise\/Barbecue.jpg\"\n               data-thumbnail=\"https:\/\/pascaleconettaevents.com\/wp-content\/gallery\/entreprise\/thumbs\/thumbs_Barbecue.jpg\"\n               data-image-id=\"88\"\n               data-title=\"BARBECUE D&#039;ENTREPRISE\"\n               data-description=\"traiteur et r\u00e9ception\"\n               data-image-slug=\"barbecue\"\n               class=\"ngg-simplelightbox\" rel=\"ce4edb75b63310e249769645cef5f97c\">\n                <img\n                    title=\"BARBECUE D&#039;ENTREPRISE\"\n                    alt=\"BARBECUE D&#039;ENTREPRISE\"\n                    src=\"https:\/\/pascaleconettaevents.com\/wp-content\/gallery\/entreprise\/thumbs\/thumbs_Barbecue.jpg\"\n                    width=\"240\"\n                    height=\"160\"\n                    style=\"max-width:100%;\"\n                \/>\n            <\/a>\n        <\/div>\n\t\t\t\t\t\t\t<\/div> \n\t\t\t\n\t\t\t\t<div id=\"ngg-image-7\" class=\"ngg-gallery-thumbnail-box \" >\n\t\t\t\t        <div class=\"ngg-gallery-thumbnail\">\n            <a href=\"https:\/\/pascaleconettaevents.com\/wp-content\/gallery\/entreprise\/Coaching-dentreprise-scaled.jpg\"\n               title=\"coaching en entreprise\"\n               data-src=\"https:\/\/pascaleconettaevents.com\/wp-content\/gallery\/entreprise\/Coaching-dentreprise-scaled.jpg\"\n               data-thumbnail=\"https:\/\/pascaleconettaevents.com\/wp-content\/gallery\/entreprise\/thumbs\/thumbs_Coaching-dentreprise-scaled.jpg\"\n               data-image-id=\"135\"\n               data-title=\"COACHING EN ENTREPRISE\"\n               data-description=\"coaching en entreprise\"\n               data-image-slug=\"coaching-dentreprise-scaled\"\n               class=\"ngg-simplelightbox\" rel=\"ce4edb75b63310e249769645cef5f97c\">\n                <img\n                    title=\"COACHING EN ENTREPRISE\"\n                    alt=\"COACHING EN ENTREPRISE\"\n                    src=\"https:\/\/pascaleconettaevents.com\/wp-content\/gallery\/entreprise\/thumbs\/thumbs_Coaching-dentreprise-scaled.jpg\"\n                    width=\"240\"\n                    height=\"160\"\n                    style=\"max-width:100%;\"\n                \/>\n            <\/a>\n        <\/div>\n\t\t\t\t\t\t\t<\/div> \n\t\t\t\n\t\t\t\t<div id=\"ngg-image-8\" class=\"ngg-gallery-thumbnail-box \" >\n\t\t\t\t        <div class=\"ngg-gallery-thumbnail\">\n            <a href=\"https:\/\/pascaleconettaevents.com\/wp-content\/gallery\/entreprise\/Arbres-de-noel.JPG\"\n               title=\"Arbre de Noel\"\n               data-src=\"https:\/\/pascaleconettaevents.com\/wp-content\/gallery\/entreprise\/Arbres-de-noel.JPG\"\n               data-thumbnail=\"https:\/\/pascaleconettaevents.com\/wp-content\/gallery\/entreprise\/thumbs\/thumbs_Arbres-de-noel.JPG\"\n               data-image-id=\"142\"\n               data-title=\"ARBRE ET SPECTACLES DE NOEL\"\n               data-description=\"Arbre de Noel\"\n               data-image-slug=\"arbres-de-noel\"\n               class=\"ngg-simplelightbox\" rel=\"ce4edb75b63310e249769645cef5f97c\">\n                <img\n                    title=\"ARBRE ET SPECTACLES DE NOEL\"\n                    alt=\"ARBRE ET SPECTACLES DE NOEL\"\n                    src=\"https:\/\/pascaleconettaevents.com\/wp-content\/gallery\/entreprise\/thumbs\/thumbs_Arbres-de-noel.JPG\"\n                    width=\"240\"\n                    height=\"160\"\n                    style=\"max-width:100%;\"\n                \/>\n            <\/a>\n        <\/div>\n\t\t\t\t\t\t\t<\/div> \n\t\t\t\n\t\t\t\t<div id=\"ngg-image-9\" class=\"ngg-gallery-thumbnail-box \" >\n\t\t\t\t        <div class=\"ngg-gallery-thumbnail\">\n            <a href=\"https:\/\/pascaleconettaevents.com\/wp-content\/gallery\/entreprise\/11-avion.JPG\"\n               title=\"animation team building\"\n               data-src=\"https:\/\/pascaleconettaevents.com\/wp-content\/gallery\/entreprise\/11-avion.JPG\"\n               data-thumbnail=\"https:\/\/pascaleconettaevents.com\/wp-content\/gallery\/entreprise\/thumbs\/thumbs_11-avion.JPG\"\n               data-image-id=\"87\"\n               data-title=\"TEAM BUILDING COHESION\"\n               data-description=\"animation team building\"\n               data-image-slug=\"11-avion\"\n               class=\"ngg-simplelightbox\" rel=\"ce4edb75b63310e249769645cef5f97c\">\n                <img\n                    title=\"TEAM BUILDING COHESION\"\n                    alt=\"TEAM BUILDING COHESION\"\n                    src=\"https:\/\/pascaleconettaevents.com\/wp-content\/gallery\/entreprise\/thumbs\/thumbs_11-avion.JPG\"\n                    width=\"240\"\n                    height=\"160\"\n                    style=\"max-width:100%;\"\n                \/>\n            <\/a>\n        <\/div>\n\t\t\t\t\t\t\t<\/div> \n\t\t\t\n\t\t\t\t<div id=\"ngg-image-10\" class=\"ngg-gallery-thumbnail-box \" >\n\t\t\t\t        <div class=\"ngg-gallery-thumbnail\">\n            <a href=\"https:\/\/pascaleconettaevents.com\/wp-content\/gallery\/entreprise\/sport-deau.jpg\"\n               title=\"team building\"\n               data-src=\"https:\/\/pascaleconettaevents.com\/wp-content\/gallery\/entreprise\/sport-deau.jpg\"\n               data-thumbnail=\"https:\/\/pascaleconettaevents.com\/wp-content\/gallery\/entreprise\/thumbs\/thumbs_sport-deau.jpg\"\n               data-image-id=\"96\"\n               data-title=\"TEAM BUILDING ACTIVITE\"\n               data-description=\"team building\"\n               data-image-slug=\"sport-deau-1\"\n               class=\"ngg-simplelightbox\" rel=\"ce4edb75b63310e249769645cef5f97c\">\n                <img\n                    title=\"TEAM BUILDING ACTIVITE\"\n                    alt=\"TEAM BUILDING ACTIVITE\"\n                    src=\"https:\/\/pascaleconettaevents.com\/wp-content\/gallery\/entreprise\/thumbs\/thumbs_sport-deau.jpg\"\n                    width=\"240\"\n                    height=\"160\"\n                    style=\"max-width:100%;\"\n                \/>\n            <\/a>\n        <\/div>\n\t\t\t\t\t\t\t<\/div> \n\t\t\t\n\t\t\t\t<div id=\"ngg-image-11\" class=\"ngg-gallery-thumbnail-box \" >\n\t\t\t\t        <div class=\"ngg-gallery-thumbnail\">\n            <a href=\"https:\/\/pascaleconettaevents.com\/wp-content\/gallery\/entreprise\/entreprise-Animations-Artistiques-dEntreprise.jpg\"\n               title=\"animation artistes\"\n               data-src=\"https:\/\/pascaleconettaevents.com\/wp-content\/gallery\/entreprise\/entreprise-Animations-Artistiques-dEntreprise.jpg\"\n               data-thumbnail=\"https:\/\/pascaleconettaevents.com\/wp-content\/gallery\/entreprise\/thumbs\/thumbs_entreprise-Animations-Artistiques-dEntreprise.jpg\"\n               data-image-id=\"35\"\n               data-title=\"ARTISTES CARICATURISTES\"\n               data-description=\"animation artistes\"\n               data-image-slug=\"entreprise-animations-artistiques-dentreprise\"\n               class=\"ngg-simplelightbox\" rel=\"ce4edb75b63310e249769645cef5f97c\">\n                <img\n                    title=\"ARTISTES CARICATURISTES\"\n                    alt=\"ARTISTES CARICATURISTES\"\n                    src=\"https:\/\/pascaleconettaevents.com\/wp-content\/gallery\/entreprise\/thumbs\/thumbs_entreprise-Animations-Artistiques-dEntreprise.jpg\"\n                    width=\"240\"\n                    height=\"160\"\n                    style=\"max-width:100%;\"\n                \/>\n            <\/a>\n        <\/div>\n\t\t\t\t\t\t\t<\/div> \n\t\t\t\n\t\t\t\t<div id=\"ngg-image-12\" class=\"ngg-gallery-thumbnail-box \" >\n\t\t\t\t        <div class=\"ngg-gallery-thumbnail\">\n            <a href=\"https:\/\/pascaleconettaevents.com\/wp-content\/gallery\/entreprise\/Equipe-danimation.jpg\"\n               title=\"\u00e9quipe d&#039;animation\"\n               data-src=\"https:\/\/pascaleconettaevents.com\/wp-content\/gallery\/entreprise\/Equipe-danimation.jpg\"\n               data-thumbnail=\"https:\/\/pascaleconettaevents.com\/wp-content\/gallery\/entreprise\/thumbs\/thumbs_Equipe-danimation.jpg\"\n               data-image-id=\"138\"\n               data-title=\"EQUIPE D&#039;ANIMATION\"\n               data-description=\"\u00e9quipe d&#039;animation\"\n               data-image-slug=\"equipe-danimation\"\n               class=\"ngg-simplelightbox\" rel=\"ce4edb75b63310e249769645cef5f97c\">\n                <img\n                    title=\"EQUIPE D&#039;ANIMATION\"\n                    alt=\"EQUIPE D&#039;ANIMATION\"\n                    src=\"https:\/\/pascaleconettaevents.com\/wp-content\/gallery\/entreprise\/thumbs\/thumbs_Equipe-danimation.jpg\"\n                    width=\"240\"\n                    height=\"160\"\n                    style=\"max-width:100%;\"\n                \/>\n            <\/a>\n        <\/div>\n\t\t\t\t\t\t\t<\/div> \n\t\t\t\n\t\t\t\t<div id=\"ngg-image-13\" class=\"ngg-gallery-thumbnail-box \" >\n\t\t\t\t        <div class=\"ngg-gallery-thumbnail\">\n            <a href=\"https:\/\/pascaleconettaevents.com\/wp-content\/gallery\/entreprise\/Soir%C3%A9e-casino.jpg\"\n               title=\"soir\u00e9e casino\"\n               data-src=\"https:\/\/pascaleconettaevents.com\/wp-content\/gallery\/entreprise\/Soir%C3%A9e-casino.jpg\"\n               data-thumbnail=\"https:\/\/pascaleconettaevents.com\/wp-content\/gallery\/entreprise\/thumbs\/thumbs_Soir%C3%A9e-casino.jpg\"\n               data-image-id=\"137\"\n               data-title=\"SOIREE CASINO\"\n               data-description=\"soir\u00e9e casino\"\n               data-image-slug=\"soir%c3%a9e-casino\"\n               class=\"ngg-simplelightbox\" rel=\"ce4edb75b63310e249769645cef5f97c\">\n                <img\n                    title=\"SOIREE CASINO\"\n                    alt=\"SOIREE CASINO\"\n                    src=\"https:\/\/pascaleconettaevents.com\/wp-content\/gallery\/entreprise\/thumbs\/thumbs_Soir%C3%A9e-casino.jpg\"\n                    width=\"240\"\n                    height=\"160\"\n                    style=\"max-width:100%;\"\n                \/>\n            <\/a>\n        <\/div>\n\t\t\t\t\t\t\t<\/div> \n\t\t\t\n\t\t\t\t<div id=\"ngg-image-14\" class=\"ngg-gallery-thumbnail-box \" >\n\t\t\t\t        <div class=\"ngg-gallery-thumbnail\">\n            <a href=\"https:\/\/pascaleconettaevents.com\/wp-content\/gallery\/entreprise\/Technique-evenements.jpg\"\n               title=\"technique \u00e9v\u00e8nements\"\n               data-src=\"https:\/\/pascaleconettaevents.com\/wp-content\/gallery\/entreprise\/Technique-evenements.jpg\"\n               data-thumbnail=\"https:\/\/pascaleconettaevents.com\/wp-content\/gallery\/entreprise\/thumbs\/thumbs_Technique-evenements.jpg\"\n               data-image-id=\"139\"\n               data-title=\"TECHNIQUE EVENEMENTS\"\n               data-description=\"technique \u00e9v\u00e8nements\"\n               data-image-slug=\"technique-evenements\"\n               class=\"ngg-simplelightbox\" rel=\"ce4edb75b63310e249769645cef5f97c\">\n                <img\n                    title=\"TECHNIQUE EVENEMENTS\"\n                    alt=\"TECHNIQUE EVENEMENTS\"\n                    src=\"https:\/\/pascaleconettaevents.com\/wp-content\/gallery\/entreprise\/thumbs\/thumbs_Technique-evenements.jpg\"\n                    width=\"240\"\n                    height=\"160\"\n                    style=\"max-width:100%;\"\n                \/>\n            <\/a>\n        <\/div>\n\t\t\t\t\t\t\t<\/div> \n\t\t\t\n\t\n\t<br style=\"clear: both\" \/>\n\n\t\n\t\t<!-- Pagination -->\n\t<div class='ngg-clear'><\/div>\t<\/div>\n&nbsp;\r\n<p style=\"text-align: center;\">&nbsp;<img loading=\"lazy\" decoding=\"async\" class=\"alignnone wp-image-705\" src=\"http:\/\/agence-evenements.fr\/wp-content\/uploads\/LOGO-PASCALE-CONETTA-208x300.jpg\" alt=\"\" width=\"89\" height=\"128\">&nbsp;<a href=\"http:\/\/agence-evenements.fr\/?page_id=31\">Demande de Renseignements<\/a><\/p>\r\n<!-- \/wp:post-content -->","protected":false},"excerpt":{"rendered":"<p>Pour vos soir\u00e9es d&rsquo;entreprise, lancements de produits, \u00e9v\u00e8nements collaboratifs et de coh\u00e9sion, des concepts adapt\u00e9s vous seront propos\u00e9s. Cr\u00e9ation, coordination, gestion de l&rsquo;\u00e9v\u00e9nement, propositions d&rsquo;interventions artistiques font partis de nos domaines d&rsquo;expertises. Parce que chaque \u00e9v\u00e9nement est unique, votre message et votre image seront restitu\u00e9s &hellip; <a href=\"https:\/\/pascaleconettaevents.com\/?page_id=28\" class=\"more-link\"><span>Continue reading<span class=\"screen-reader-text\">Vous \u00eates une ENTREPRISE<\/span><\/span><\/a><\/p>\n","protected":false},"author":1,"featured_media":0,"parent":0,"menu_order":0,"comment_status":"closed","ping_status":"closed","template":"","meta":{"ngg_post_thumbnail":0,"footnotes":""},"class_list":["post-28","page","type-page","status-publish","hentry"],"_links":{"self":[{"href":"https:\/\/pascaleconettaevents.com\/index.php?rest_route=\/wp\/v2\/pages\/28","targetHints":{"allow":["GET"]}}],"collection":[{"href":"https:\/\/pascaleconettaevents.com\/index.php?rest_route=\/wp\/v2\/pages"}],"about":[{"href":"https:\/\/pascaleconettaevents.com\/index.php?rest_route=\/wp\/v2\/types\/page"}],"author":[{"embeddable":true,"href":"https:\/\/pascaleconettaevents.com\/index.php?rest_route=\/wp\/v2\/users\/1"}],"replies":[{"embeddable":true,"href":"https:\/\/pascaleconettaevents.com\/index.php?rest_route=%2Fwp%2Fv2%2Fcomments&post=28"}],"version-history":[{"count":52,"href":"https:\/\/pascaleconettaevents.com\/index.php?rest_route=\/wp\/v2\/pages\/28\/revisions"}],"predecessor-version":[{"id":394,"href":"https:\/\/pascaleconettaevents.com\/index.php?rest_route=\/wp\/v2\/pages\/28\/revisions\/394"}],"wp:attachment":[{"href":"https:\/\/pascaleconettaevents.com\/index.php?rest_route=%2Fwp%2Fv2%2Fmedia&parent=28"}],"curies":[{"name":"wp","href":"https:\/\/api.w.org\/{rel}","templated":true}]}}